{"id":4861,"date":"2026-02-23T16:03:34","date_gmt":"2026-02-23T16:03:34","guid":{"rendered":"https:\/\/el-tarf.superette-dz.com\/?post_type=product&#038;p=4861"},"modified":"2026-02-23T16:03:36","modified_gmt":"2026-02-23T16:03:36","slug":"creme-patissiere-la-feuille-dor-vanille-90g","status":"publish","type":"product","link":"https:\/\/el-tarf.superette-dz.com\/ar\/product\/creme-patissiere-la-feuille-dor-vanille-90g\/","title":{"rendered":"Cr\u00e8me P\u00e2tissi\u00e8re La Feuille d\u2019Or \u2013 Vanille 90g"},"content":{"rendered":"","protected":false},"excerpt":{"rendered":"","protected":false},"featured_media":0,"comment_status":"open","ping_status":"closed","template":"","meta":[],"product_brand":[],"product_cat":[15],"product_tag":[],"class_list":{"0":"post-4861","1":"product","2":"type-product","3":"status-publish","5":"product_cat-uncategorized","7":"first","8":"instock","9":"shipping-taxable","10":"product-type-simple"},"_links":{"self":[{"href":"https:\/\/el-tarf.superette-dz.com\/ar\/wp-json\/wp\/v2\/product\/4861","targetHints":{"allow":["GET"]}}],"collection":[{"href":"https:\/\/el-tarf.superette-dz.com\/ar\/wp-json\/wp\/v2\/product"}],"about":[{"href":"https:\/\/el-tarf.superette-dz.com\/ar\/wp-json\/wp\/v2\/types\/product"}],"replies":[{"embeddable":true,"href":"https:\/\/el-tarf.superette-dz.com\/ar\/wp-json\/wp\/v2\/comments?post=4861"}],"wp:attachment":[{"href":"https:\/\/el-tarf.superette-dz.com\/ar\/wp-json\/wp\/v2\/media?parent=4861"}],"wp:term":[{"taxonomy":"product_brand","embeddable":true,"href":"https:\/\/el-tarf.superette-dz.com\/ar\/wp-json\/wp\/v2\/product_brand?post=4861"},{"taxonomy":"product_cat","embeddable":true,"href":"https:\/\/el-tarf.superette-dz.com\/ar\/wp-json\/wp\/v2\/product_cat?post=4861"},{"taxonomy":"product_tag","embeddable":true,"href":"https:\/\/el-tarf.superette-dz.com\/ar\/wp-json\/wp\/v2\/product_tag?post=4861"}],"curies":[{"name":"wp","href":"https:\/\/api.w.org\/{rel}","templated":true}]}}