{"id":5160,"date":"2026-02-23T16:04:16","date_gmt":"2026-02-23T16:04:16","guid":{"rendered":"https:\/\/el-tarf.superette-dz.com\/?post_type=product&#038;p=5160"},"modified":"2026-02-23T16:04:18","modified_gmt":"2026-02-23T16:04:18","slug":"chiffons-de-nettoyage-en-rouleau-20-pcs-predecoupees","status":"publish","type":"product","link":"https:\/\/el-tarf.superette-dz.com\/ar\/product\/chiffons-de-nettoyage-en-rouleau-20-pcs-predecoupees\/","title":{"rendered":"Chiffons de nettoyage en rouleau \u2013 20 pcs pr\u00e9d\u00e9coup\u00e9es"},"content":{"rendered":"","protected":false},"excerpt":{"rendered":"","protected":false},"featured_media":0,"comment_status":"open","ping_status":"closed","template":"","meta":[],"product_brand":[],"product_cat":[15],"product_tag":[],"class_list":{"0":"post-5160","1":"product","2":"type-product","3":"status-publish","5":"product_cat-uncategorized","7":"first","8":"instock","9":"shipping-taxable","10":"product-type-simple"},"_links":{"self":[{"href":"https:\/\/el-tarf.superette-dz.com\/ar\/wp-json\/wp\/v2\/product\/5160","targetHints":{"allow":["GET"]}}],"collection":[{"href":"https:\/\/el-tarf.superette-dz.com\/ar\/wp-json\/wp\/v2\/product"}],"about":[{"href":"https:\/\/el-tarf.superette-dz.com\/ar\/wp-json\/wp\/v2\/types\/product"}],"replies":[{"embeddable":true,"href":"https:\/\/el-tarf.superette-dz.com\/ar\/wp-json\/wp\/v2\/comments?post=5160"}],"wp:attachment":[{"href":"https:\/\/el-tarf.superette-dz.com\/ar\/wp-json\/wp\/v2\/media?parent=5160"}],"wp:term":[{"taxonomy":"product_brand","embeddable":true,"href":"https:\/\/el-tarf.superette-dz.com\/ar\/wp-json\/wp\/v2\/product_brand?post=5160"},{"taxonomy":"product_cat","embeddable":true,"href":"https:\/\/el-tarf.superette-dz.com\/ar\/wp-json\/wp\/v2\/product_cat?post=5160"},{"taxonomy":"product_tag","embeddable":true,"href":"https:\/\/el-tarf.superette-dz.com\/ar\/wp-json\/wp\/v2\/product_tag?post=5160"}],"curies":[{"name":"wp","href":"https:\/\/api.w.org\/{rel}","templated":true}]}}