{"id":5348,"date":"2026-02-23T16:04:42","date_gmt":"2026-02-23T16:04:42","guid":{"rendered":"https:\/\/el-tarf.superette-dz.com\/?post_type=product&#038;p=5348"},"modified":"2026-02-23T16:04:44","modified_gmt":"2026-02-23T16:04:44","slug":"feuilles-sechees-de-la-valeriane-100g","status":"publish","type":"product","link":"https:\/\/el-tarf.superette-dz.com\/ar\/product\/feuilles-sechees-de-la-valeriane-100g\/","title":{"rendered":"Feuilles S\u00e9ch\u00e9es de la Val\u00e9riane 100g"},"content":{"rendered":"","protected":false},"excerpt":{"rendered":"","protected":false},"featured_media":0,"comment_status":"open","ping_status":"closed","template":"","meta":[],"product_brand":[],"product_cat":[15],"product_tag":[],"class_list":{"0":"post-5348","1":"product","2":"type-product","3":"status-publish","5":"product_cat-uncategorized","7":"first","8":"instock","9":"shipping-taxable","10":"product-type-simple"},"_links":{"self":[{"href":"https:\/\/el-tarf.superette-dz.com\/ar\/wp-json\/wp\/v2\/product\/5348","targetHints":{"allow":["GET"]}}],"collection":[{"href":"https:\/\/el-tarf.superette-dz.com\/ar\/wp-json\/wp\/v2\/product"}],"about":[{"href":"https:\/\/el-tarf.superette-dz.com\/ar\/wp-json\/wp\/v2\/types\/product"}],"replies":[{"embeddable":true,"href":"https:\/\/el-tarf.superette-dz.com\/ar\/wp-json\/wp\/v2\/comments?post=5348"}],"wp:attachment":[{"href":"https:\/\/el-tarf.superette-dz.com\/ar\/wp-json\/wp\/v2\/media?parent=5348"}],"wp:term":[{"taxonomy":"product_brand","embeddable":true,"href":"https:\/\/el-tarf.superette-dz.com\/ar\/wp-json\/wp\/v2\/product_brand?post=5348"},{"taxonomy":"product_cat","embeddable":true,"href":"https:\/\/el-tarf.superette-dz.com\/ar\/wp-json\/wp\/v2\/product_cat?post=5348"},{"taxonomy":"product_tag","embeddable":true,"href":"https:\/\/el-tarf.superette-dz.com\/ar\/wp-json\/wp\/v2\/product_tag?post=5348"}],"curies":[{"name":"wp","href":"https:\/\/api.w.org\/{rel}","templated":true}]}}